{"id":1850,"date":"2018-11-27T09:17:08","date_gmt":"2018-11-27T09:17:08","guid":{"rendered":"https:\/\/www.bestforwarding.eu\/?page_id=1850"},"modified":"2023-09-11T10:42:07","modified_gmt":"2023-09-11T10:42:07","slug":"about","status":"publish","type":"page","link":"https:\/\/www.bestforwarding.eu\/cs\/about\/","title":{"rendered":"About"},"content":{"rendered":"\t\t<div data-elementor-type=\"wp-post\" data-elementor-id=\"1850\" class=\"elementor elementor-1850\">\n\t\t\t\t\t\t\t\t\t<section class=\"elementor-section elementor-top-section elementor-element elementor-element-d7d8b56 elementor-section-boxed elementor-section-height-default elementor-section-height-default\" data-id=\"d7d8b56\" data-element_type=\"section\" data-settings=\"{&quot;background_background&quot;:&quot;classic&quot;}\">\n\t\t\t\t\t\t\t<div class=\"elementor-background-overlay\"><\/div>\n\t\t\t\t\t\t\t<div class=\"elementor-container elementor-column-gap-default\">\n\t\t\t\t\t<div class=\"elementor-column elementor-col-100 elementor-top-column elementor-element elementor-element-fd69444\" data-id=\"fd69444\" data-element_type=\"column\">\n\t\t\t<div class=\"elementor-widget-wrap elementor-element-populated\">\n\t\t\t\t\t\t\t\t<div class=\"elementor-element elementor-element-abcc2f2 elementor-widget elementor-widget-heading\" data-id=\"abcc2f2\" data-element_type=\"widget\" data-widget_type=\"heading.default\">\n\t\t\t\t<div class=\"elementor-widget-container\">\n\t\t\t<style>\/*! elementor - v3.18.0 - 20-12-2023 *\/\n.elementor-heading-title{padding:0;margin:0;line-height:1}.elementor-widget-heading .elementor-heading-title[class*=elementor-size-]>a{color:inherit;font-size:inherit;line-height:inherit}.elementor-widget-heading .elementor-heading-title.elementor-size-small{font-size:15px}.elementor-widget-heading .elementor-heading-title.elementor-size-medium{font-size:19px}.elementor-widget-heading .elementor-heading-title.elementor-size-large{font-size:29px}.elementor-widget-heading .elementor-heading-title.elementor-size-xl{font-size:39px}.elementor-widget-heading .elementor-heading-title.elementor-size-xxl{font-size:59px}<\/style><h1 class=\"elementor-heading-title elementor-size-default\">kdo jsme?<\/h1>\t\t<\/div>\n\t\t\t\t<\/div>\n\t\t\t\t\t<\/div>\n\t\t<\/div>\n\t\t\t\t\t\t\t<\/div>\n\t\t<\/section>\n\t\t\t\t<section class=\"elementor-section elementor-top-section elementor-element elementor-element-5c40d7b elementor-section-boxed elementor-section-height-default elementor-section-height-default\" data-id=\"5c40d7b\" data-element_type=\"section\">\n\t\t\t\t\t\t<div class=\"elementor-container elementor-column-gap-default\">\n\t\t\t\t\t<div class=\"elementor-column elementor-col-100 elementor-top-column elementor-element elementor-element-2ebbf9c\" data-id=\"2ebbf9c\" data-element_type=\"column\">\n\t\t\t<div class=\"elementor-widget-wrap elementor-element-populated\">\n\t\t\t\t\t\t\t\t<div class=\"elementor-element elementor-element-fe195c7 elementor-widget__width-initial elementor-widget-tablet__width-initial elementor-widget-mobile__width-initial elementor-widget elementor-widget-heading\" data-id=\"fe195c7\" data-element_type=\"widget\" data-widget_type=\"heading.default\">\n\t\t\t\t<div class=\"elementor-widget-container\">\n\t\t\t<h2 class=\"elementor-heading-title elementor-size-default\">Na\u0161e posl\u00e1n\u00ed<\/h2>\t\t<\/div>\n\t\t\t\t<\/div>\n\t\t\t\t<div class=\"elementor-element elementor-element-6c28eda elementor-widget elementor-widget-spacer\" data-id=\"6c28eda\" data-element_type=\"widget\" data-widget_type=\"spacer.default\">\n\t\t\t\t<div class=\"elementor-widget-container\">\n\t\t\t<style>\/*! elementor - v3.18.0 - 20-12-2023 *\/\n.elementor-column .elementor-spacer-inner{height:var(--spacer-size)}.e-con{--container-widget-width:100%}.e-con-inner>.elementor-widget-spacer,.e-con>.elementor-widget-spacer{width:var(--container-widget-width,var(--spacer-size));--align-self:var(--container-widget-align-self,initial);--flex-shrink:0}.e-con-inner>.elementor-widget-spacer>.elementor-widget-container,.e-con>.elementor-widget-spacer>.elementor-widget-container{height:100%;width:100%}.e-con-inner>.elementor-widget-spacer>.elementor-widget-container>.elementor-spacer,.e-con>.elementor-widget-spacer>.elementor-widget-container>.elementor-spacer{height:100%}.e-con-inner>.elementor-widget-spacer>.elementor-widget-container>.elementor-spacer>.elementor-spacer-inner,.e-con>.elementor-widget-spacer>.elementor-widget-container>.elementor-spacer>.elementor-spacer-inner{height:var(--container-widget-height,var(--spacer-size))}.e-con-inner>.elementor-widget-spacer.elementor-widget-empty,.e-con>.elementor-widget-spacer.elementor-widget-empty{position:relative;min-height:22px;min-width:22px}.e-con-inner>.elementor-widget-spacer.elementor-widget-empty .elementor-widget-empty-icon,.e-con>.elementor-widget-spacer.elementor-widget-empty .elementor-widget-empty-icon{position:absolute;top:0;bottom:0;left:0;right:0;margin:auto;padding:0;width:22px;height:22px}<\/style>\t\t<div class=\"elementor-spacer\">\n\t\t\t<div class=\"elementor-spacer-inner\"><\/div>\n\t\t<\/div>\n\t\t\t\t<\/div>\n\t\t\t\t<\/div>\n\t\t\t\t<div class=\"elementor-element elementor-element-dc051dd elementor-widget__width-initial elementor-widget-divider--view-line elementor-widget elementor-widget-divider\" data-id=\"dc051dd\" data-element_type=\"widget\" data-widget_type=\"divider.default\">\n\t\t\t\t<div class=\"elementor-widget-container\">\n\t\t\t<style>\/*! elementor - v3.18.0 - 20-12-2023 *\/\n.elementor-widget-divider{--divider-border-style:none;--divider-border-width:1px;--divider-color:#0c0d0e;--divider-icon-size:20px;--divider-element-spacing:10px;--divider-pattern-height:24px;--divider-pattern-size:20px;--divider-pattern-url:none;--divider-pattern-repeat:repeat-x}.elementor-widget-divider .elementor-divider{display:flex}.elementor-widget-divider .elementor-divider__text{font-size:15px;line-height:1;max-width:95%}.elementor-widget-divider .elementor-divider__element{margin:0 var(--divider-element-spacing);flex-shrink:0}.elementor-widget-divider .elementor-icon{font-size:var(--divider-icon-size)}.elementor-widget-divider .elementor-divider-separator{display:flex;margin:0;direction:ltr}.elementor-widget-divider--view-line_icon .elementor-divider-separator,.elementor-widget-divider--view-line_text .elementor-divider-separator{align-items:center}.elementor-widget-divider--view-line_icon .elementor-divider-separator:after,.elementor-widget-divider--view-line_icon .elementor-divider-separator:before,.elementor-widget-divider--view-line_text .elementor-divider-separator:after,.elementor-widget-divider--view-line_text .elementor-divider-separator:before{display:block;content:\"\";border-bottom:0;flex-grow:1;border-top:var(--divider-border-width) var(--divider-border-style) var(--divider-color)}.elementor-widget-divider--element-align-left .elementor-divider .elementor-divider-separator>.elementor-divider__svg:first-of-type{flex-grow:0;flex-shrink:100}.elementor-widget-divider--element-align-left .elementor-divider-separator:before{content:none}.elementor-widget-divider--element-align-left .elementor-divider__element{margin-left:0}.elementor-widget-divider--element-align-right .elementor-divider .elementor-divider-separator>.elementor-divider__svg:last-of-type{flex-grow:0;flex-shrink:100}.elementor-widget-divider--element-align-right .elementor-divider-separator:after{content:none}.elementor-widget-divider--element-align-right .elementor-divider__element{margin-right:0}.elementor-widget-divider:not(.elementor-widget-divider--view-line_text):not(.elementor-widget-divider--view-line_icon) .elementor-divider-separator{border-top:var(--divider-border-width) var(--divider-border-style) var(--divider-color)}.elementor-widget-divider--separator-type-pattern{--divider-border-style:none}.elementor-widget-divider--separator-type-pattern.elementor-widget-divider--view-line .elementor-divider-separator,.elementor-widget-divider--separator-type-pattern:not(.elementor-widget-divider--view-line) .elementor-divider-separator:after,.elementor-widget-divider--separator-type-pattern:not(.elementor-widget-divider--view-line) .elementor-divider-separator:before,.elementor-widget-divider--separator-type-pattern:not([class*=elementor-widget-divider--view]) .elementor-divider-separator{width:100%;min-height:var(--divider-pattern-height);-webkit-mask-size:var(--divider-pattern-size) 100%;mask-size:var(--divider-pattern-size) 100%;-webkit-mask-repeat:var(--divider-pattern-repeat);mask-repeat:var(--divider-pattern-repeat);background-color:var(--divider-color);-webkit-mask-image:var(--divider-pattern-url);mask-image:var(--divider-pattern-url)}.elementor-widget-divider--no-spacing{--divider-pattern-size:auto}.elementor-widget-divider--bg-round{--divider-pattern-repeat:round}.rtl .elementor-widget-divider .elementor-divider__text{direction:rtl}.e-con-inner>.elementor-widget-divider,.e-con>.elementor-widget-divider{width:var(--container-widget-width,100%);--flex-grow:var(--container-widget-flex-grow)}<\/style>\t\t<div class=\"elementor-divider\">\n\t\t\t<span class=\"elementor-divider-separator\">\n\t\t\t\t\t\t<\/span>\n\t\t<\/div>\n\t\t\t\t<\/div>\n\t\t\t\t<\/div>\n\t\t\t\t<div class=\"elementor-element elementor-element-e5f497e elementor-widget__width-initial elementor-widget-mobile__width-initial elementor-widget elementor-widget-text-editor\" data-id=\"e5f497e\" data-element_type=\"widget\" data-widget_type=\"text-editor.default\">\n\t\t\t\t<div class=\"elementor-widget-container\">\n\t\t\t<style>\/*! elementor - v3.18.0 - 20-12-2023 *\/\n.elementor-widget-text-editor.elementor-drop-cap-view-stacked .elementor-drop-cap{background-color:#69727d;color:#fff}.elementor-widget-text-editor.elementor-drop-cap-view-framed .elementor-drop-cap{color:#69727d;border:3px solid;background-color:transparent}.elementor-widget-text-editor:not(.elementor-drop-cap-view-default) .elementor-drop-cap{margin-top:8px}.elementor-widget-text-editor:not(.elementor-drop-cap-view-default) .elementor-drop-cap-letter{width:1em;height:1em}.elementor-widget-text-editor .elementor-drop-cap{float:left;text-align:center;line-height:1;font-size:50px}.elementor-widget-text-editor .elementor-drop-cap-letter{display:inline-block}<\/style>\t\t\t\t<p><strong><em>Spojujeme v\u0161echny body Va\u0161eho podnik\u00e1n\u00ed, abyste mohli dos\u00e1hnout Va\u0161ich c\u00edl\u016f.<\/em><\/strong><\/p>\t\t\t\t\t\t<\/div>\n\t\t\t\t<\/div>\n\t\t\t\t<div class=\"elementor-element elementor-element-5dcd18a elementor-widget elementor-widget-text-editor\" data-id=\"5dcd18a\" data-element_type=\"widget\" data-widget_type=\"text-editor.default\">\n\t\t\t\t<div class=\"elementor-widget-container\">\n\t\t\t\t\t\t\t<p><span lang=\"CS\">\u00a0<\/span><\/p><p><span lang=\"CS\">Od roku 2013 se specializujeme na poskytov\u00e1n\u00ed mezin\u00e1rodn\u00edch spedi\u010dn\u00edch a logistick\u00fdch slu\u017eeb Evrop\u011b, se zam\u011b\u0159en\u00edm zejm\u00e9na na Turecko. Krom\u011b t\u011bchto slu\u017eeb jsme se tak\u00e9 odborn\u011b zam\u011b\u0159ili na celn\u00ed odbaven\u00ed a skladov\u00e1n\u00ed. Na\u0161e spole\u010dnost disponuje talentovan\u00fdm a pro\u0161kolen\u00fdm t\u00fdmem profesion\u00e1l\u016f se s\u00eddlem v Praze, v \u010cesk\u00e9 republice. Jsme schopni poskytnout \u0159e\u0161en\u00ed pro \u0161irokou \u0161k\u00e1lu probl\u00e9m\u016f spojen\u00fdch s na\u0161imi slu\u017ebami d\u00edky na\u0161emu odborn\u00e9mu know-how na \u010desk\u00e9m trhu a v r\u00e1mci evropsk\u00e9ho trhu.<\/span><\/p><p><span lang=\"CS\">D\u00edky dob\u0159e vybudovan\u00e9 obchodn\u00ed s\u00edti v balk\u00e1nsk\u00fdch zem\u00edch, jako jsou \u0158ecko, Bulharsko, Turecko, Rumunsko a Srbsko, jsme p\u0159esv\u011bd\u010deni, \u017ee jsme schopni naj\u00edt flexibiln\u00ed \u0159e\u0161en\u00ed pro logistiku, skladov\u00e1n\u00ed a dodavatelsk\u00fd \u0159et\u011bzec dle va\u0161ich pot\u0159eb. Bez ohledu na to, zda pot\u0159ebujete p\u0159epravit jednu z\u00e1silku, jednu paletu, n\u011bkolik palet nebo cel\u00fd n\u00e1klad kamionem, jsme schopni nab\u00eddnout slu\u017eby p\u0159izp\u016fsoben\u00e9 va\u0161im pot\u0159eb\u00e1m. Na\u0161e slu\u017eby nejsou omezeny pouze na p\u0159epravu z \/ do \u010cesk\u00e9 republiky, ale tak\u00e9 zahrnuj\u00ed ve\u0161ker\u00e9 p\u0159epravn\u00ed pot\u0159eby mezi jednotliv\u00fdmi balk\u00e1nsk\u00fdmi zem\u011bmi.<\/span><\/p><p><span lang=\"CS\">D\u00edky na\u0161\u00ed rozs\u00e1hl\u00e9 s\u00edti poskytovan\u00fdch slu\u017eeb, pe\u010dlivosti v detailu a odborn\u00fdm znalostem z oboru se na\u0161i z\u00e1kazn\u00edci mohou pln\u011b soust\u0159edit na sv\u00e9 hlavn\u00ed \u010dinnosti, zat\u00edmco my se postar\u00e1me o spojen\u00ed bod\u016f pro jejich podnik\u00e1n\u00ed a p\u0159epravu.<\/span><\/p>\t\t\t\t\t\t<\/div>\n\t\t\t\t<\/div>\n\t\t\t\t\t<\/div>\n\t\t<\/div>\n\t\t\t\t\t\t\t<\/div>\n\t\t<\/section>\n\t\t\t\t<section class=\"elementor-section elementor-top-section elementor-element elementor-element-e90a943 elementor-section-boxed elementor-section-height-default elementor-section-height-default\" data-id=\"e90a943\" data-element_type=\"section\">\n\t\t\t\t\t\t<div class=\"elementor-container elementor-column-gap-default\">\n\t\t\t\t\t<div class=\"elementor-column elementor-col-50 elementor-top-column elementor-element elementor-element-2126f92\" data-id=\"2126f92\" data-element_type=\"column\">\n\t\t\t<div class=\"elementor-widget-wrap elementor-element-populated\">\n\t\t\t\t\t\t\t\t<div class=\"elementor-element elementor-element-43a347a elementor-widget elementor-widget-heading\" data-id=\"43a347a\" data-element_type=\"widget\" data-widget_type=\"heading.default\">\n\t\t\t\t<div class=\"elementor-widget-container\">\n\t\t\t<h4 class=\"elementor-heading-title elementor-size-default\">Na\u0161e Vize<br><\/h4>\t\t<\/div>\n\t\t\t\t<\/div>\n\t\t\t\t<div class=\"elementor-element elementor-element-7818b1a elementor-widget-divider--view-line elementor-widget elementor-widget-divider\" data-id=\"7818b1a\" data-element_type=\"widget\" data-widget_type=\"divider.default\">\n\t\t\t\t<div class=\"elementor-widget-container\">\n\t\t\t\t\t<div class=\"elementor-divider\">\n\t\t\t<span class=\"elementor-divider-separator\">\n\t\t\t\t\t\t<\/span>\n\t\t<\/div>\n\t\t\t\t<\/div>\n\t\t\t\t<\/div>\n\t\t\t\t<div class=\"elementor-element elementor-element-d8f9f49 elementor-widget elementor-widget-text-editor\" data-id=\"d8f9f49\" data-element_type=\"widget\" data-widget_type=\"text-editor.default\">\n\t\t\t\t<div class=\"elementor-widget-container\">\n\t\t\t\t\t\t\t<p>\u00a0<\/p><p>N\u00e1zev na\u0161\u00ed spole\u010dnosti vyjad\u0159uje vizi na\u0161eho podnik\u00e1n\u00ed. Jsme tu proto, abychom ka\u017ed\u00e9mu z\u00e1kazn\u00edkovi nab\u00eddli ty nejlep\u0161\u00ed mo\u017enosti a \u0159e\u0161en\u00ed s jedine\u010dn\u011b p\u0159ipraven\u00fdmi podnikatelsk\u00fdmi pl\u00e1ny. Na\u0161\u00edm hlavn\u00edm c\u00edlem je poskytnout jedine\u010dn\u011b to, co by mohlo b\u00fdt nejlep\u0161\u00ed variantou pro va\u0161e spedi\u010dn\u00ed zku\u0161enosti bez ohledu na rozsah podnik\u00e1n\u00ed. Abychom tuto nejlep\u0161\u00ed mo\u017enost na\u0161li, nab\u00edz\u00edme v\u00e1m nejlep\u0161\u00ed slu\u017eby spojen\u00edm na\u0161ich z\u00e1kladn\u00edch hodnot, posl\u00e1n\u00ed a vize.<\/p><p>N\u00e1zev na\u0161\u00ed spole\u010dnosti p\u0159esn\u011b vyjad\u0159uje vizi na\u0161eho podnik\u00e1n\u00ed, kter\u00e1 spo\u010d\u00edv\u00e1 v poskytov\u00e1n\u00ed optim\u00e1ln\u00edch mo\u017enost\u00ed a \u0159e\u0161en\u00ed ka\u017ed\u00e9mu na\u0161emu z\u00e1kazn\u00edkovi prost\u0159ednictv\u00edm pe\u010dliv\u011b p\u0159ipraven\u00fdch podnikatelsk\u00fdch pl\u00e1n\u016f. Na\u0161\u00edm prim\u00e1rn\u00edm c\u00edlem je nab\u00eddnout unik\u00e1tn\u00ed a nejlep\u0161\u00ed varianty pro va\u0161e spedi\u010dn\u00ed pot\u0159eby, bez ohledu na rozsah va\u0161eho podnik\u00e1n\u00ed. K\u00a0dosa\u017een\u00ed nejlep\u0161\u00edch mo\u017enost\u00ed kombinujeme na\u0161e kl\u00ed\u010dov\u00e9 hodnoty, posl\u00e1n\u00ed a vizi, abychom v\u00e1m poskytli vrcholn\u00e9 slu\u017eby.<\/p><p>\u00a0<\/p>\t\t\t\t\t\t<\/div>\n\t\t\t\t<\/div>\n\t\t\t\t\t<\/div>\n\t\t<\/div>\n\t\t\t\t<div class=\"elementor-column elementor-col-50 elementor-top-column elementor-element elementor-element-2b1c637\" data-id=\"2b1c637\" data-element_type=\"column\">\n\t\t\t<div class=\"elementor-widget-wrap elementor-element-populated\">\n\t\t\t\t\t\t\t\t<div class=\"elementor-element elementor-element-bd79c08 elementor-widget elementor-widget-heading\" data-id=\"bd79c08\" data-element_type=\"widget\" data-widget_type=\"heading.default\">\n\t\t\t\t<div class=\"elementor-widget-container\">\n\t\t\t<h4 class=\"elementor-heading-title elementor-size-default\">Na\u0161e z\u00e1kladn\u00ed hodnoty<br><\/h4>\t\t<\/div>\n\t\t\t\t<\/div>\n\t\t\t\t<div class=\"elementor-element elementor-element-e12e246 elementor-widget-divider--view-line elementor-widget elementor-widget-divider\" data-id=\"e12e246\" data-element_type=\"widget\" data-widget_type=\"divider.default\">\n\t\t\t\t<div class=\"elementor-widget-container\">\n\t\t\t\t\t<div class=\"elementor-divider\">\n\t\t\t<span class=\"elementor-divider-separator\">\n\t\t\t\t\t\t<\/span>\n\t\t<\/div>\n\t\t\t\t<\/div>\n\t\t\t\t<\/div>\n\t\t\t\t<div class=\"elementor-element elementor-element-9bc4249 elementor-icon-list--layout-traditional elementor-list-item-link-full_width elementor-widget elementor-widget-icon-list\" data-id=\"9bc4249\" data-element_type=\"widget\" data-widget_type=\"icon-list.default\">\n\t\t\t\t<div class=\"elementor-widget-container\">\n\t\t\t<link rel=\"stylesheet\" href=\"https:\/\/www.bestforwarding.eu\/wp-content\/plugins\/elementor\/assets\/css\/widget-icon-list.min.css\">\t\t<ul class=\"elementor-icon-list-items\">\n\t\t\t\t\t\t\t<li class=\"elementor-icon-list-item\">\n\t\t\t\t\t\t\t\t\t\t<span class=\"elementor-icon-list-text\">V na\u0161\u00ed spole\u010dnosti si v\u00e1\u017e\u00edme souboru hodnot, kter\u00e9 n\u00e1m pom\u00e1haj\u00ed vytv\u00e1\u0159et optim\u00e1ln\u00ed obchodn\u00ed pl\u00e1ny:<br><\/span>\n\t\t\t\t\t\t\t\t\t<\/li>\n\t\t\t\t\t\t\t\t<li class=\"elementor-icon-list-item\">\n\t\t\t\t\t\t\t\t\t\t<span class=\"elementor-icon-list-text\"><b>Spolupr\u00e1ce<\/b>: Klademe d\u016fraz na vysokou \u00farove\u0148 spolupr\u00e1ce jak mezi na\u0161imi zam\u011bstnanci v r\u00e1mci poskytovan\u00fdch slu\u017eeb, tak i ve vztahu ke spole\u010dnostem a partner\u016fm, se kter\u00fdmi spolupracujeme. C\u00edlem je vytvo\u0159it harmonick\u00e9 a produktivn\u00ed partnerstv\u00ed.<\/span>\n\t\t\t\t\t\t\t\t\t<\/li>\n\t\t\t\t\t\t\t\t<li class=\"elementor-icon-list-item\">\n\t\t\t\t\t\t\t\t\t\t<span class=\"elementor-icon-list-text\"><b>Efektivita<\/b>: Usilujeme o hospod\u00e1rnost a flexibilitu prost\u0159ednictv\u00edm pe\u010dliv\u00fdch a jedine\u010dn\u00fdch slu\u017eeb poskytovan\u00fdch na\u0161im z\u00e1kazn\u00edk\u016fm. Hled\u00e1me zp\u016fsoby, jak dos\u00e1hnout vy\u0161\u0161\u00ed \u00farovn\u011b efektivity ve\u0161ker\u00fdch proces\u016f.<\/span>\n\t\t\t\t\t\t\t\t\t<\/li>\n\t\t\t\t\t\t\t\t<li class=\"elementor-icon-list-item\">\n\t\t\t\t\t\t\t\t\t\t<span class=\"elementor-icon-list-text\"><b>Respekt<\/b>: Transparentn\u00ed a poctiv\u00e1 pracovn\u00ed mor\u00e1lka je z\u00e1kladem na\u0161eho p\u0159\u00edstupu ke v\u0161emu, co d\u011bl\u00e1me. Respektujeme na\u0161i pr\u00e1ci, zam\u011bstnance a obchodn\u00ed partnery, co\u017e je kl\u00ed\u010dov\u00fdm faktorem na\u0161eho \u00fasp\u011bchu.<\/span>\n\t\t\t\t\t\t\t\t\t<\/li>\n\t\t\t\t\t\t\t\t<li class=\"elementor-icon-list-item\">\n\t\t\t\t\t\t\t\t\t\t<span class=\"elementor-icon-list-text\"><b>Poctivost<\/b>: Ve v\u0161ech nab\u00edzen\u00fdch slu\u017eb\u00e1ch se klade d\u016fraz na integrovan\u00fd obchodn\u00ed pl\u00e1n, kter\u00fd je nezbytn\u00fd pro \u00fasp\u011bch v logistick\u00e9m odv\u011btv\u00ed. Jsme zast\u00e1nci poctiv\u00e9ho p\u0159\u00edstupu.<\/span>\n\t\t\t\t\t\t\t\t\t<\/li>\n\t\t\t\t\t\t\t\t<li class=\"elementor-icon-list-item\">\n\t\t\t\t\t\t\t\t\t\t<span class=\"elementor-icon-list-text\"><b>Z\u00e1vazek<\/b>: Jsme pevn\u011b odd\u00e1ni tomu, co d\u011bl\u00e1me. Sna\u017e\u00edme se vybudovat partnerstv\u00ed s va\u0161\u00ed firmou a vyu\u017e\u00edt v\u0161echny p\u0159\u00edle\u017eitosti, kter\u00e9 v\u00e1m pomohou dos\u00e1hnout va\u0161ich obchodn\u00edch c\u00edl\u016f. Z\u00e1vazek je kl\u00ed\u010dem k na\u0161emu \u00fasp\u011bchu.<\/span>\n\t\t\t\t\t\t\t\t\t<\/li>\n\t\t\t\t\t\t<\/ul>\n\t\t\t\t<\/div>\n\t\t\t\t<\/div>\n\t\t\t\t\t<\/div>\n\t\t<\/div>\n\t\t\t\t\t\t\t<\/div>\n\t\t<\/section>\n\t\t\t\t\t\t\t<\/div>\n\t\t","protected":false},"excerpt":{"rendered":"<p>kdo jsme? Na\u0161e posl\u00e1n\u00ed Spojujeme v\u0161echny body Va\u0161eho podnik\u00e1n\u00ed, abyste mohli dos\u00e1hnout Va\u0161ich c\u00edl\u016f. \u00a0 Od roku 2013 se specializujeme na poskytov\u00e1n\u00ed mezin\u00e1rodn\u00edch spedi\u010dn\u00edch a logistick\u00fdch slu\u017eeb Evrop\u011b, se zam\u011b\u0159en\u00edm zejm\u00e9na na Turecko. Krom\u011b t\u011bchto slu\u017eeb jsme se tak\u00e9 odborn\u011b zam\u011b\u0159ili na celn\u00ed odbaven\u00ed a skladov\u00e1n\u00ed. Na\u0161e spole\u010dnost disponuje talentovan\u00fdm a pro\u0161kolen\u00fdm t\u00fdmem profesion\u00e1l\u016f se &hellip;<\/p>\n<p class=\"read-more\"> <a class=\"\" href=\"https:\/\/www.bestforwarding.eu\/cs\/about\/\"> <span class=\"screen-reader-text\">About<\/span> Pokra\u010dovat ve \u010dten\u00ed &raquo;<\/a><\/p>\n","protected":false},"author":1,"featured_media":0,"parent":0,"menu_order":0,"comment_status":"closed","ping_status":"closed","template":"","meta":{"site-sidebar-layout":"no-sidebar","site-content-layout":"page-builder","ast-global-header-display":"","ast-main-header-display":"","ast-hfb-above-header-display":"","ast-hfb-below-header-display":"","ast-hfb-mobile-header-display":"","site-post-title":"disabled","ast-breadcrumbs-content":"","ast-featured-img":"disabled","footer-sml-layout":"","theme-transparent-header-meta":"enabled","adv-header-id-meta":"","stick-header-meta":"","header-above-stick-meta":"","header-main-stick-meta":"","header-below-stick-meta":"","footnotes":""},"class_list":["post-1850","page","type-page","status-publish","hentry"],"_links":{"self":[{"href":"https:\/\/www.bestforwarding.eu\/cs\/wp-json\/wp\/v2\/pages\/1850","targetHints":{"allow":["GET"]}}],"collection":[{"href":"https:\/\/www.bestforwarding.eu\/cs\/wp-json\/wp\/v2\/pages"}],"about":[{"href":"https:\/\/www.bestforwarding.eu\/cs\/wp-json\/wp\/v2\/types\/page"}],"author":[{"embeddable":true,"href":"https:\/\/www.bestforwarding.eu\/cs\/wp-json\/wp\/v2\/users\/1"}],"replies":[{"embeddable":true,"href":"https:\/\/www.bestforwarding.eu\/cs\/wp-json\/wp\/v2\/comments?post=1850"}],"version-history":[{"count":59,"href":"https:\/\/www.bestforwarding.eu\/cs\/wp-json\/wp\/v2\/pages\/1850\/revisions"}],"predecessor-version":[{"id":2239,"href":"https:\/\/www.bestforwarding.eu\/cs\/wp-json\/wp\/v2\/pages\/1850\/revisions\/2239"}],"wp:attachment":[{"href":"https:\/\/www.bestforwarding.eu\/cs\/wp-json\/wp\/v2\/media?parent=1850"}],"curies":[{"name":"wp","href":"https:\/\/api.w.org\/{rel}","templated":true}]}}